{"id":46,"date":"2020-12-08T09:31:30","date_gmt":"2020-12-08T09:31:30","guid":{"rendered":"https:\/\/demo.cmssuperheroes.com\/themeforest\/solatec\/?page_id=46"},"modified":"2024-03-26T22:57:37","modified_gmt":"2024-03-26T19:57:37","slug":"urunlerimiz","status":"publish","type":"page","link":"https:\/\/ozadilplastik.com\/en\/urunlerimiz\/","title":{"rendered":"\u00dcr\u00fcnlerimiz"},"content":{"rendered":"<div data-elementor-type=\"wp-page\" data-elementor-id=\"46\" class=\"elementor elementor-46\">\n\t\t\t\t\t\t\t        <section class=\"elementor-section elementor-top-section elementor-element elementor-element-5dc49a9 pt-90 pb-95 elementor-section-boxed elementor-section-height-default elementor-section-height-default cms-boxed-bg-false\" data-id=\"5dc49a9\" data-element_type=\"section\">\r\n\t\t\r\n\t\t<div class=\"cms-section-boxed-bg\"><\/div>        <div class=\"elementor-container elementor-column-gap-default\" >\r\n\t\t        <div class=\"elementor-column elementor-col-100 elementor-top-column elementor-element elementor-element-95aa4c6\" data-id=\"95aa4c6\" data-element_type=\"column\">\r\n        <div class=\"elementor-widget-wrap elementor-element-populated\">\r\n                        \t\t<div class=\"elementor-element elementor-element-e0ac5e5 cms-post-layout-5 elementor-widget elementor-widget-cms_post_grid\" data-id=\"e0ac5e5\" data-element_type=\"widget\" data-widget_type=\"cms_post_grid.default\">\n\t\t\t\t<div class=\"elementor-widget-container\">\n\t\t\t\r\n<div id=\"cms_post_grid-e0ac5e5\" class=\"cms-grid\" data-layoutmode=\"fitRows\" data-layout=\"masonry\" data-start-page=\"1\" data-max-pages=\"1\" data-total=\"6\" data-perpage=\"6\" data-next-link=\"\">\r\n            <div class=\"cms-grid-filter-wrap row gutters-35 justify-content-center\">\r\n            <span class=\"cms-filter-item active col-auto\" data-filter=\"*\">T\u00fcm\u00fc<\/span>\r\n                                            <span class=\"cms-filter-item col-auto\" data-filter=\".polietilen\">\r\n                    Polietilen                <\/span>\r\n                                            <span class=\"cms-filter-item col-auto\" data-filter=\".polipropilen\">\r\n                    Polipropilen                <\/span>\r\n                    <\/div>\r\n        <div class=\"cms-grid-inner cms-grid-masonry row animation-time relative\" data-layout=\"fitRows\" style=\"margin: -15px\">\r\n        <div class=\"cms-grid-sizer col-1\"><\/div>\r\n                    <div class=\"cms-grid-item col-xl-4 col-lg-4 col-md-6 col-12 polietilen\" style=\"padding: 15px; margin-bottom: 0px\">\n                                    <div class=\"cms-item-content bg-white cms-shadow-4 cms-shadow-hover-2 cms-transition cms-radius-8 overflow-hidden clearfix relative h-100\">\n                            <div class=\"cms-featured cms-post-standard\"><div class=\"cms-featured-inner relative\">            <div class=\"post-image cms-post-image\">\r\n                <a href=\"https:\/\/ozadilplastik.com\/en\/projects\/hammadde-torbasi-polietilen\/\"><img fetchpriority=\"high\" class=\"cms-lazy lazy-loading cms-img\" data-src=\"https:\/\/ozadilplastik.com\/wp-content\/uploads\/2021\/01\/gri-570x570.jpg\" width=\"570\" height=\"570\" alt=\"\" \/><\/a>\r\n            <\/div>\r\n            <\/div><\/div>\r\n                            <div class=\"cms-item-content-inner p-lr-20 p-tb-15 p-lr-lg-40 p-tb-lg-35\">\n                            <div class=\"cms-item-content-inner2\">\n                                <div class=\"cms-post-cat text-14 text-accent pb-5\"><a href=\"https:\/\/ozadilplastik.com\/en\/project-category\/polietilen\/\" rel=\"tag\">Polietilen<\/a><\/div>                                <div class=\"cms-heading cms-item-content-title cms-heading text-20 lh-28\">\n                                    <a href=\"https:\/\/ozadilplastik.com\/en\/projects\/hammadde-torbasi-polietilen\/\">Hammadde Torbas\u0131 Polietilen<\/a>\n                                <\/div>\n                                                                      \n                            <\/div>\n                        <\/div>\n                    <\/div>\n                            <\/div>\n                    <div class=\"cms-grid-item col-xl-4 col-lg-4 col-md-6 col-12 polietilen\" style=\"padding: 15px; margin-bottom: 0px\">\n                                    <div class=\"cms-item-content bg-white cms-shadow-4 cms-shadow-hover-2 cms-transition cms-radius-8 overflow-hidden clearfix relative h-100\">\n                            <div class=\"cms-featured cms-post-standard\"><div class=\"cms-featured-inner relative\">            <div class=\"post-image cms-post-image\">\r\n                <a href=\"https:\/\/ozadilplastik.com\/en\/projects\/seffaf-polietilen\/\"><img class=\"cms-lazy lazy-loading cms-img\" data-src=\"https:\/\/ozadilplastik.com\/wp-content\/uploads\/2024\/01\/balrengi-570x570.jpg\" width=\"570\" height=\"570\" alt=\"\" \/><\/a>\r\n            <\/div>\r\n            <\/div><\/div>\r\n                            <div class=\"cms-item-content-inner p-lr-20 p-tb-15 p-lr-lg-40 p-tb-lg-35\">\n                            <div class=\"cms-item-content-inner2\">\n                                <div class=\"cms-post-cat text-14 text-accent pb-5\"><a href=\"https:\/\/ozadilplastik.com\/en\/project-category\/polietilen\/\" rel=\"tag\">Polietilen<\/a><\/div>                                <div class=\"cms-heading cms-item-content-title cms-heading text-20 lh-28\">\n                                    <a href=\"https:\/\/ozadilplastik.com\/en\/projects\/seffaf-polietilen\/\">\u015eeffaf Polietilen<\/a>\n                                <\/div>\n                                                                      \n                            <\/div>\n                        <\/div>\n                    <\/div>\n                            <\/div>\n                    <div class=\"cms-grid-item col-xl-4 col-lg-4 col-md-6 col-12 polietilen\" style=\"padding: 15px; margin-bottom: 0px\">\n                                    <div class=\"cms-item-content bg-white cms-shadow-4 cms-shadow-hover-2 cms-transition cms-radius-8 overflow-hidden clearfix relative h-100\">\n                            <div class=\"cms-featured cms-post-standard\"><div class=\"cms-featured-inner relative\">            <div class=\"post-image cms-post-image\">\r\n                <a href=\"https:\/\/ozadilplastik.com\/en\/projects\/bal-kopugu-polietilen\/\"><img class=\"cms-lazy lazy-loading cms-img\" data-src=\"https:\/\/ozadilplastik.com\/wp-content\/uploads\/2024\/01\/balrengi-570x570.jpg\" width=\"570\" height=\"570\" alt=\"\" \/><\/a>\r\n            <\/div>\r\n            <\/div><\/div>\r\n                            <div class=\"cms-item-content-inner p-lr-20 p-tb-15 p-lr-lg-40 p-tb-lg-35\">\n                            <div class=\"cms-item-content-inner2\">\n                                <div class=\"cms-post-cat text-14 text-accent pb-5\"><a href=\"https:\/\/ozadilplastik.com\/en\/project-category\/polietilen\/\" rel=\"tag\">Polietilen<\/a><\/div>                                <div class=\"cms-heading cms-item-content-title cms-heading text-20 lh-28\">\n                                    <a href=\"https:\/\/ozadilplastik.com\/en\/projects\/bal-kopugu-polietilen\/\">Bal k\u00f6p\u00fc\u011f\u00fc Polietilen<\/a>\n                                <\/div>\n                                                                      \n                            <\/div>\n                        <\/div>\n                    <\/div>\n                            <\/div>\n                    <div class=\"cms-grid-item col-xl-4 col-lg-4 col-md-6 col-12 polipropilen\" style=\"padding: 15px; margin-bottom: 0px\">\n                                    <div class=\"cms-item-content bg-white cms-shadow-4 cms-shadow-hover-2 cms-transition cms-radius-8 overflow-hidden clearfix relative h-100\">\n                            <div class=\"cms-featured cms-post-standard\"><div class=\"cms-featured-inner relative\">            <div class=\"post-image cms-post-image\">\r\n                <a href=\"https:\/\/ozadilplastik.com\/en\/projects\/siyah-polipropilen\/\"><img class=\"cms-lazy lazy-loading cms-img\" data-src=\"https:\/\/ozadilplastik.com\/wp-content\/uploads\/2021\/01\/siyah-570x570.jpg\" width=\"570\" height=\"570\" alt=\"\" \/><\/a>\r\n            <\/div>\r\n            <\/div><\/div>\r\n                            <div class=\"cms-item-content-inner p-lr-20 p-tb-15 p-lr-lg-40 p-tb-lg-35\">\n                            <div class=\"cms-item-content-inner2\">\n                                <div class=\"cms-post-cat text-14 text-accent pb-5\"><a href=\"https:\/\/ozadilplastik.com\/en\/project-category\/polipropilen\/\" rel=\"tag\">Polipropilen<\/a><\/div>                                <div class=\"cms-heading cms-item-content-title cms-heading text-20 lh-28\">\n                                    <a href=\"https:\/\/ozadilplastik.com\/en\/projects\/siyah-polipropilen\/\">Siyah Polipropilen<\/a>\n                                <\/div>\n                                                                      \n                            <\/div>\n                        <\/div>\n                    <\/div>\n                            <\/div>\n                    <div class=\"cms-grid-item col-xl-4 col-lg-4 col-md-6 col-12 polipropilen\" style=\"padding: 15px; margin-bottom: 0px\">\n                                    <div class=\"cms-item-content bg-white cms-shadow-4 cms-shadow-hover-2 cms-transition cms-radius-8 overflow-hidden clearfix relative h-100\">\n                            <div class=\"cms-featured cms-post-standard\"><div class=\"cms-featured-inner relative\">            <div class=\"post-image cms-post-image\">\r\n                <a href=\"https:\/\/ozadilplastik.com\/en\/projects\/beyaz-polipropilen\/\"><img loading=\"lazy\" class=\"cms-lazy lazy-loading cms-img\" data-src=\"https:\/\/ozadilplastik.com\/wp-content\/uploads\/2021\/01\/acik-beyaz-570x570.jpg\" width=\"570\" height=\"570\" alt=\"\" \/><\/a>\r\n            <\/div>\r\n            <\/div><\/div>\r\n                            <div class=\"cms-item-content-inner p-lr-20 p-tb-15 p-lr-lg-40 p-tb-lg-35\">\n                            <div class=\"cms-item-content-inner2\">\n                                <div class=\"cms-post-cat text-14 text-accent pb-5\"><a href=\"https:\/\/ozadilplastik.com\/en\/project-category\/polipropilen\/\" rel=\"tag\">Polipropilen<\/a><\/div>                                <div class=\"cms-heading cms-item-content-title cms-heading text-20 lh-28\">\n                                    <a href=\"https:\/\/ozadilplastik.com\/en\/projects\/beyaz-polipropilen\/\">Beyaz Polipropilen<\/a>\n                                <\/div>\n                                                                      \n                            <\/div>\n                        <\/div>\n                    <\/div>\n                            <\/div>\n                    <div class=\"cms-grid-item col-xl-4 col-lg-4 col-md-6 col-12 polipropilen\" style=\"padding: 15px; margin-bottom: 0px\">\n                                    <div class=\"cms-item-content bg-white cms-shadow-4 cms-shadow-hover-2 cms-transition cms-radius-8 overflow-hidden clearfix relative h-100\">\n                            <div class=\"cms-featured cms-post-standard\"><div class=\"cms-featured-inner relative\">            <div class=\"post-image cms-post-image\">\r\n                <a href=\"https:\/\/ozadilplastik.com\/en\/projects\/mavi-polipropilen\/\"><img loading=\"lazy\" class=\"cms-lazy lazy-loading cms-img\" data-src=\"https:\/\/ozadilplastik.com\/wp-content\/uploads\/2021\/01\/mavi-570x570.jpg\" width=\"570\" height=\"570\" alt=\"\" \/><\/a>\r\n            <\/div>\r\n            <\/div><\/div>\r\n                            <div class=\"cms-item-content-inner p-lr-20 p-tb-15 p-lr-lg-40 p-tb-lg-35\">\n                            <div class=\"cms-item-content-inner2\">\n                                <div class=\"cms-post-cat text-14 text-accent pb-5\"><a href=\"https:\/\/ozadilplastik.com\/en\/project-category\/polipropilen\/\" rel=\"tag\">Polipropilen<\/a><\/div>                                <div class=\"cms-heading cms-item-content-title cms-heading text-20 lh-28\">\n                                    <a href=\"https:\/\/ozadilplastik.com\/en\/projects\/mavi-polipropilen\/\">Mavi Polipropilen<\/a>\n                                <\/div>\n                                                                      \n                            <\/div>\n                        <\/div>\n                    <\/div>\n                            <\/div>\n                <div class=\"cms-grid-overlay\"><\/div>\r\n    <\/div>\r\n                <div class=\"cms-post-pagination cms-load-more text-center\" data-loadmore=\"{&quot;post_type&quot;:&quot;cms-project&quot;,&quot;layout&quot;:&quot;5&quot;,&quot;startPage&quot;:1,&quot;maxPages&quot;:2,&quot;total&quot;:10,&quot;perpage&quot;:6,&quot;nextLink&quot;:&quot;https:\\\/\\\/ozadilplastik.com\\\/en\\\/wp-json\\\/wp\\\/v2\\\/pages\\\/46\\\/page\\\/2\\\/&quot;,&quot;source&quot;:&quot;&quot;,&quot;orderby&quot;:&quot;date&quot;,&quot;order&quot;:&quot;desc&quot;,&quot;limit&quot;:6,&quot;col_xl&quot;:&quot;3&quot;,&quot;col_lg&quot;:&quot;3&quot;,&quot;col_md&quot;:&quot;2&quot;,&quot;col_sm&quot;:&quot;1&quot;,&quot;gap&quot;:30,&quot;gap_extra&quot;:&quot;&quot;,&quot;thumbnail_size&quot;:&quot;medium&quot;,&quot;thumbnail_custom_dimension&quot;:{&quot;width&quot;:&quot;&quot;,&quot;height&quot;:&quot;&quot;},&quot;excerpt_lenght&quot;:-1,&quot;excerpt_more_text&quot;:&quot;...&quot;,&quot;readmore_text&quot;:&quot;&quot;,&quot;show_fb&quot;:&quot;&quot;,&quot;show_tw&quot;:&quot;&quot;,&quot;show_insta&quot;:&quot;&quot;,&quot;show_email&quot;:&quot;&quot;,&quot;show_phone&quot;:&quot;&quot;,&quot;tax&quot;:[&quot;project-category&quot;,&quot;project-category&quot;]}\" data-loading-text=\"Loading\">\r\n            <span class=\"btn btn-lg btn-fill btn-accent\">\r\n                <span class=\"cms-btn-content\">\r\n                    <span class=\"cms-btn-icon text-20 cmsi-arrow-circle-right\"><\/span>\r\n                    <span class=\"cms-btn-text\">Load More<\/span>\r\n                <\/span>\r\n            <\/span>\r\n        <\/div>\r\n    <\/div>\t\t<\/div>\n\t\t\t\t<\/div>\n\t\t        <\/div>\r\n        <\/div>\r\n        \t\t        <\/div>\r\n        <\/section>\r\n\t\t\t\t\t\t\t<\/div>","protected":false},"excerpt":{"rendered":"<p>T\u00fcm\u00fc Polietilen Polipropilen Polietilen Hammadde Torbas\u0131 Polietilen Polietilen \u015eeffaf Polietilen Polietilen Bal k\u00f6p\u00fc\u011f\u00fc Polietilen Polipropilen Siyah Polipropilen Polipropilen Beyaz Polipropilen Polipropilen Mavi Polipropilen Load More<\/p>","protected":false},"author":1,"featured_media":0,"parent":0,"menu_order":14,"comment_status":"closed","ping_status":"closed","template":"","meta":{"footnotes":""},"class_list":["post-46","page","type-page","status-publish","hentry","cms-has-post-thumbnail"],"_links":{"self":[{"href":"https:\/\/ozadilplastik.com\/en\/wp-json\/wp\/v2\/pages\/46","targetHints":{"allow":["GET"]}}],"collection":[{"href":"https:\/\/ozadilplastik.com\/en\/wp-json\/wp\/v2\/pages"}],"about":[{"href":"https:\/\/ozadilplastik.com\/en\/wp-json\/wp\/v2\/types\/page"}],"author":[{"embeddable":true,"href":"https:\/\/ozadilplastik.com\/en\/wp-json\/wp\/v2\/users\/1"}],"replies":[{"embeddable":true,"href":"https:\/\/ozadilplastik.com\/en\/wp-json\/wp\/v2\/comments?post=46"}],"version-history":[{"count":4,"href":"https:\/\/ozadilplastik.com\/en\/wp-json\/wp\/v2\/pages\/46\/revisions"}],"predecessor-version":[{"id":5323,"href":"https:\/\/ozadilplastik.com\/en\/wp-json\/wp\/v2\/pages\/46\/revisions\/5323"}],"wp:attachment":[{"href":"https:\/\/ozadilplastik.com\/en\/wp-json\/wp\/v2\/media?parent=46"}],"curies":[{"name":"wp","href":"https:\/\/api.w.org\/{rel}","templated":true}]}}