{"id":44,"date":"2020-12-08T09:31:07","date_gmt":"2020-12-08T09:31:07","guid":{"rendered":"https:\/\/demo.cmssuperheroes.com\/themeforest\/solatec\/?page_id=44"},"modified":"2020-12-08T09:31:07","modified_gmt":"2020-12-08T09:31:07","slug":"projects-modern","status":"publish","type":"page","link":"https:\/\/ozadilplastik.com\/en\/projects-modern\/","title":{"rendered":"Projects Modern"},"content":{"rendered":"<div data-elementor-type=\"wp-page\" data-elementor-id=\"44\" class=\"elementor elementor-44\">\n\t\t\t\t\t\t\t        <section class=\"elementor-section elementor-top-section elementor-element elementor-element-496cc9e pt-90 pb-95 elementor-section-boxed elementor-section-height-default elementor-section-height-default cms-boxed-bg-false\" data-id=\"496cc9e\" data-element_type=\"section\">\r\n\t\t\r\n\t\t<div class=\"cms-section-boxed-bg\"><\/div>        <div class=\"elementor-container elementor-column-gap-default\" >\r\n\t\t        <div class=\"elementor-column elementor-col-100 elementor-top-column elementor-element elementor-element-4fd6cdd\" data-id=\"4fd6cdd\" data-element_type=\"column\">\r\n        <div class=\"elementor-widget-wrap elementor-element-populated\">\r\n                        \t\t<div class=\"elementor-element elementor-element-f32b5fe cms-post-layout-3 elementor-widget elementor-widget-cms_post_grid\" data-id=\"f32b5fe\" data-element_type=\"widget\" data-widget_type=\"cms_post_grid.default\">\n\t\t\t\t<div class=\"elementor-widget-container\">\n\t\t\t\r\n<div id=\"cms_post_grid-f32b5fe\" class=\"cms-grid\" data-layoutmode=\"fitRows\" data-layout=\"masonry\" data-start-page=\"1\" data-max-pages=\"1\" data-total=\"6\" data-perpage=\"6\" data-next-link=\"\">\r\n            <div class=\"cms-grid-filter-wrap row gutters-35 justify-content-center\">\r\n            <span class=\"cms-filter-item active col-auto\" data-filter=\"*\">All<\/span>\r\n                                            <span class=\"cms-filter-item col-auto\" data-filter=\".polietilen\">\r\n                    Polietilen                <\/span>\r\n                                            <span class=\"cms-filter-item col-auto\" data-filter=\".polipropilen\">\r\n                    Polipropilen                <\/span>\r\n                    <\/div>\r\n        <div class=\"cms-grid-inner cms-grid-masonry row animation-time relative\" data-layout=\"fitRows\" style=\"margin: -15px\">\r\n        <div class=\"cms-grid-sizer\"><\/div>\r\n        <div class=\"cms-grid-gutter\"><\/div>\r\n                    <div class=\"cms-grid-item col-xl-4 col-lg-4 col-md-6 col-12 polietilen\" style=\"padding: 15px; margin-bottom: 0px\">\n                                    <div class=\"cms-item-content bg-white cms-radius-8 cms-shadow-4 cms-hover-img-scale overflow-hidden relative clearfix\">    <div class=\"cms-featured cms-post-standard  cms-radius-t-8 overflow-hidden\"><div class=\"cms-featured-inner relative\">            <div class=\"post-image cms-post-image\">\r\n                <a href=\"https:\/\/ozadilplastik.com\/en\/projects\/hammadde-torbasi-polietilen\/\"><img loading=\"lazy\" class=\"w-100 cms-lazy lazy-loading cms-img\" data-src=\"https:\/\/ozadilplastik.com\/wp-content\/uploads\/2021\/01\/gri-570x570.jpg\" width=\"570\" height=\"570\" alt=\"\" \/><\/a>\r\n            <\/div>\r\n            <\/div><\/div>\r\n                            <div class=\"cms-item-content-inner cms-transition p-lr-15 p-lr-md-40 pt-40 pb-40\">\n                                    <span class=\"cms-post-cat d-block pb-15 text-14 mt-n8\">\r\n            <span class=\"text-accent\"><a href=\"https:\/\/ozadilplastik.com\/en\/project-category\/polietilen\/\" rel=\"tag\">Polietilen<\/a><\/span>        <\/span>\r\n                                <div class=\"cms-item-content-title cms-heading text-20 lh-28 mb-15\">\n                                <a href=\"https:\/\/ozadilplastik.com\/en\/projects\/hammadde-torbasi-polietilen\/\">Hammadde Torbas\u0131 Polietilen<\/a>\n                            <\/div>\n                            <div class=\"cms-item-content-excerpt mb-20\">Polietilen Hammadde Torbas\u0131 Polietilen Hammadde torbas\u0131, polietilen i\u00e7inde, end\u00fcstriyel kullan\u0131m i\u00e7in malzeme ta\u015f\u0131yan, dayan\u0131kl\u0131 ve esnek bir ambalaj \u00e7\u00f6z\u00fcm\u00fcd\u00fcr. \u00dcr\u00fcn A\u00e7\u0131klamas\u0131 Genel olarak polipropilenin teknik...<\/div>\n                                                            <div class=\"cms-btn-wraps cms-post-item-readmore\">\n                                    <a href=\"https:\/\/ozadilplastik.com\/en\/projects\/hammadde-torbasi-polietilen\/\" class=\"btn btn-fill btn-accent\">\n                                        <span class=\"cms-btn-content\">\n                                            <span class=\"cms-btn-icon text-20 cmsi-arrow-circle-right\"><\/span>\n                                            <span class=\"cms-btn-text\">Explore More<\/span>\n                                        <\/span>\n                                    <\/a>\n                                <\/div>\n                                                    <\/div>\n                    <\/div>\n                            <\/div>\n                    <div class=\"cms-grid-item col-xl-4 col-lg-4 col-md-6 col-12 polietilen\" style=\"padding: 15px; margin-bottom: 0px\">\n                                    <div class=\"cms-item-content bg-white cms-radius-8 cms-shadow-4 cms-hover-img-scale overflow-hidden relative clearfix\">    <div class=\"cms-featured cms-post-standard  cms-radius-t-8 overflow-hidden\"><div class=\"cms-featured-inner relative\">            <div class=\"post-image cms-post-image\">\r\n                <a href=\"https:\/\/ozadilplastik.com\/en\/projects\/seffaf-polietilen\/\"><img loading=\"lazy\" class=\"w-100 cms-lazy lazy-loading cms-img\" data-src=\"https:\/\/ozadilplastik.com\/wp-content\/uploads\/2024\/01\/balrengi-570x570.jpg\" width=\"570\" height=\"570\" alt=\"\" \/><\/a>\r\n            <\/div>\r\n            <\/div><\/div>\r\n                            <div class=\"cms-item-content-inner cms-transition p-lr-15 p-lr-md-40 pt-40 pb-40\">\n                                    <span class=\"cms-post-cat d-block pb-15 text-14 mt-n8\">\r\n            <span class=\"text-accent\"><a href=\"https:\/\/ozadilplastik.com\/en\/project-category\/polietilen\/\" rel=\"tag\">Polietilen<\/a><\/span>        <\/span>\r\n                                <div class=\"cms-item-content-title cms-heading text-20 lh-28 mb-15\">\n                                <a href=\"https:\/\/ozadilplastik.com\/en\/projects\/seffaf-polietilen\/\">\u015eeffaf Polietilen<\/a>\n                            <\/div>\n                            <div class=\"cms-item-content-excerpt mb-20\">Polietilen \u015eeffaf Polietilen \u015eeffaf polietilen, g\u00f6r\u00fcn\u00fcr, esnek, dayan\u0131kl\u0131, g\u0131da g\u00fcvenli\u011fi sa\u011flayan, ambalaj end\u00fcstrisinde s\u0131kl\u0131kla kullan\u0131lan ve genellikle po\u015fetler, film malzemeleri gibi \u00fcr\u00fcnlerde tercih edilen bir...<\/div>\n                                                            <div class=\"cms-btn-wraps cms-post-item-readmore\">\n                                    <a href=\"https:\/\/ozadilplastik.com\/en\/projects\/seffaf-polietilen\/\" class=\"btn btn-fill btn-accent\">\n                                        <span class=\"cms-btn-content\">\n                                            <span class=\"cms-btn-icon text-20 cmsi-arrow-circle-right\"><\/span>\n                                            <span class=\"cms-btn-text\">Explore More<\/span>\n                                        <\/span>\n                                    <\/a>\n                                <\/div>\n                                                    <\/div>\n                    <\/div>\n                            <\/div>\n                    <div class=\"cms-grid-item col-xl-4 col-lg-4 col-md-6 col-12 polietilen\" style=\"padding: 15px; margin-bottom: 0px\">\n                                    <div class=\"cms-item-content bg-white cms-radius-8 cms-shadow-4 cms-hover-img-scale overflow-hidden relative clearfix\">    <div class=\"cms-featured cms-post-standard  cms-radius-t-8 overflow-hidden\"><div class=\"cms-featured-inner relative\">            <div class=\"post-image cms-post-image\">\r\n                <a href=\"https:\/\/ozadilplastik.com\/en\/projects\/bal-kopugu-polietilen\/\"><img loading=\"lazy\" class=\"w-100 cms-lazy lazy-loading cms-img\" data-src=\"https:\/\/ozadilplastik.com\/wp-content\/uploads\/2024\/01\/balrengi-570x570.jpg\" width=\"570\" height=\"570\" alt=\"\" \/><\/a>\r\n            <\/div>\r\n            <\/div><\/div>\r\n                            <div class=\"cms-item-content-inner cms-transition p-lr-15 p-lr-md-40 pt-40 pb-40\">\n                                    <span class=\"cms-post-cat d-block pb-15 text-14 mt-n8\">\r\n            <span class=\"text-accent\"><a href=\"https:\/\/ozadilplastik.com\/en\/project-category\/polietilen\/\" rel=\"tag\">Polietilen<\/a><\/span>        <\/span>\r\n                                <div class=\"cms-item-content-title cms-heading text-20 lh-28 mb-15\">\n                                <a href=\"https:\/\/ozadilplastik.com\/en\/projects\/bal-kopugu-polietilen\/\">Bal k\u00f6p\u00fc\u011f\u00fc Polietilen<\/a>\n                            <\/div>\n                            <div class=\"cms-item-content-excerpt mb-20\">Polietilen Bal k\u00f6p\u00fc\u011f\u00fc Polietilen Bal k\u00f6p\u00fc\u011f\u00fc polietilen, hafif, esnek, yal\u0131t\u0131m sa\u011flayan, genellikle ambalaj sekt\u00f6r\u00fcnde kullan\u0131lan ve koruyucu ambalaj malzemeleri i\u00e7in tercih edilen bir polimerdir. \u00dcr\u00fcn...<\/div>\n                                                            <div class=\"cms-btn-wraps cms-post-item-readmore\">\n                                    <a href=\"https:\/\/ozadilplastik.com\/en\/projects\/bal-kopugu-polietilen\/\" class=\"btn btn-fill btn-accent\">\n                                        <span class=\"cms-btn-content\">\n                                            <span class=\"cms-btn-icon text-20 cmsi-arrow-circle-right\"><\/span>\n                                            <span class=\"cms-btn-text\">Explore More<\/span>\n                                        <\/span>\n                                    <\/a>\n                                <\/div>\n                                                    <\/div>\n                    <\/div>\n                            <\/div>\n                    <div class=\"cms-grid-item col-xl-4 col-lg-4 col-md-6 col-12 polipropilen\" style=\"padding: 15px; margin-bottom: 0px\">\n                                    <div class=\"cms-item-content bg-white cms-radius-8 cms-shadow-4 cms-hover-img-scale overflow-hidden relative clearfix\">    <div class=\"cms-featured cms-post-standard  cms-radius-t-8 overflow-hidden\"><div class=\"cms-featured-inner relative\">            <div class=\"post-image cms-post-image\">\r\n                <a href=\"https:\/\/ozadilplastik.com\/en\/projects\/siyah-polipropilen\/\"><img loading=\"lazy\" class=\"w-100 cms-lazy lazy-loading cms-img\" data-src=\"https:\/\/ozadilplastik.com\/wp-content\/uploads\/2021\/01\/siyah-570x570.jpg\" width=\"570\" height=\"570\" alt=\"\" \/><\/a>\r\n            <\/div>\r\n            <\/div><\/div>\r\n                            <div class=\"cms-item-content-inner cms-transition p-lr-15 p-lr-md-40 pt-40 pb-40\">\n                                    <span class=\"cms-post-cat d-block pb-15 text-14 mt-n8\">\r\n            <span class=\"text-accent\"><a href=\"https:\/\/ozadilplastik.com\/en\/project-category\/polipropilen\/\" rel=\"tag\">Polipropilen<\/a><\/span>        <\/span>\r\n                                <div class=\"cms-item-content-title cms-heading text-20 lh-28 mb-15\">\n                                <a href=\"https:\/\/ozadilplastik.com\/en\/projects\/siyah-polipropilen\/\">Siyah Polipropilen<\/a>\n                            <\/div>\n                            <div class=\"cms-item-content-excerpt mb-20\">We has announced the expansion of its solar supply chain finance (SCF) program for PV module manufacturers<\/div>\n                                                            <div class=\"cms-btn-wraps cms-post-item-readmore\">\n                                    <a href=\"https:\/\/ozadilplastik.com\/en\/projects\/siyah-polipropilen\/\" class=\"btn btn-fill btn-accent\">\n                                        <span class=\"cms-btn-content\">\n                                            <span class=\"cms-btn-icon text-20 cmsi-arrow-circle-right\"><\/span>\n                                            <span class=\"cms-btn-text\">Explore More<\/span>\n                                        <\/span>\n                                    <\/a>\n                                <\/div>\n                                                    <\/div>\n                    <\/div>\n                            <\/div>\n                    <div class=\"cms-grid-item col-xl-4 col-lg-4 col-md-6 col-12 polipropilen\" style=\"padding: 15px; margin-bottom: 0px\">\n                                    <div class=\"cms-item-content bg-white cms-radius-8 cms-shadow-4 cms-hover-img-scale overflow-hidden relative clearfix\">    <div class=\"cms-featured cms-post-standard  cms-radius-t-8 overflow-hidden\"><div class=\"cms-featured-inner relative\">            <div class=\"post-image cms-post-image\">\r\n                <a href=\"https:\/\/ozadilplastik.com\/en\/projects\/beyaz-polipropilen\/\"><img loading=\"lazy\" class=\"w-100 cms-lazy lazy-loading cms-img\" data-src=\"https:\/\/ozadilplastik.com\/wp-content\/uploads\/2021\/01\/acik-beyaz-570x570.jpg\" width=\"570\" height=\"570\" alt=\"\" \/><\/a>\r\n            <\/div>\r\n            <\/div><\/div>\r\n                            <div class=\"cms-item-content-inner cms-transition p-lr-15 p-lr-md-40 pt-40 pb-40\">\n                                    <span class=\"cms-post-cat d-block pb-15 text-14 mt-n8\">\r\n            <span class=\"text-accent\"><a href=\"https:\/\/ozadilplastik.com\/en\/project-category\/polipropilen\/\" rel=\"tag\">Polipropilen<\/a><\/span>        <\/span>\r\n                                <div class=\"cms-item-content-title cms-heading text-20 lh-28 mb-15\">\n                                <a href=\"https:\/\/ozadilplastik.com\/en\/projects\/beyaz-polipropilen\/\">Beyaz Polipropilen<\/a>\n                            <\/div>\n                            <div class=\"cms-item-content-excerpt mb-20\">We has announced the expansion of its solar supply chain finance (SCF) program for PV module manufacturers...<\/div>\n                                                            <div class=\"cms-btn-wraps cms-post-item-readmore\">\n                                    <a href=\"https:\/\/ozadilplastik.com\/en\/projects\/beyaz-polipropilen\/\" class=\"btn btn-fill btn-accent\">\n                                        <span class=\"cms-btn-content\">\n                                            <span class=\"cms-btn-icon text-20 cmsi-arrow-circle-right\"><\/span>\n                                            <span class=\"cms-btn-text\">Explore More<\/span>\n                                        <\/span>\n                                    <\/a>\n                                <\/div>\n                                                    <\/div>\n                    <\/div>\n                            <\/div>\n                    <div class=\"cms-grid-item col-xl-4 col-lg-4 col-md-6 col-12 polipropilen\" style=\"padding: 15px; margin-bottom: 0px\">\n                                    <div class=\"cms-item-content bg-white cms-radius-8 cms-shadow-4 cms-hover-img-scale overflow-hidden relative clearfix\">    <div class=\"cms-featured cms-post-standard  cms-radius-t-8 overflow-hidden\"><div class=\"cms-featured-inner relative\">            <div class=\"post-image cms-post-image\">\r\n                <a href=\"https:\/\/ozadilplastik.com\/en\/projects\/mavi-polipropilen\/\"><img loading=\"lazy\" class=\"w-100 cms-lazy lazy-loading cms-img\" data-src=\"https:\/\/ozadilplastik.com\/wp-content\/uploads\/2021\/01\/mavi-570x570.jpg\" width=\"570\" height=\"570\" alt=\"\" \/><\/a>\r\n            <\/div>\r\n            <\/div><\/div>\r\n                            <div class=\"cms-item-content-inner cms-transition p-lr-15 p-lr-md-40 pt-40 pb-40\">\n                                    <span class=\"cms-post-cat d-block pb-15 text-14 mt-n8\">\r\n            <span class=\"text-accent\"><a href=\"https:\/\/ozadilplastik.com\/en\/project-category\/polipropilen\/\" rel=\"tag\">Polipropilen<\/a><\/span>        <\/span>\r\n                                <div class=\"cms-item-content-title cms-heading text-20 lh-28 mb-15\">\n                                <a href=\"https:\/\/ozadilplastik.com\/en\/projects\/mavi-polipropilen\/\">Mavi Polipropilen<\/a>\n                            <\/div>\n                            <div class=\"cms-item-content-excerpt mb-20\">We has announced the expansion of its solar supply chain finance (SCF) program for PV module manufacturers...<\/div>\n                                                            <div class=\"cms-btn-wraps cms-post-item-readmore\">\n                                    <a href=\"https:\/\/ozadilplastik.com\/en\/projects\/mavi-polipropilen\/\" class=\"btn btn-fill btn-accent\">\n                                        <span class=\"cms-btn-content\">\n                                            <span class=\"cms-btn-icon text-20 cmsi-arrow-circle-right\"><\/span>\n                                            <span class=\"cms-btn-text\">Explore More<\/span>\n                                        <\/span>\n                                    <\/a>\n                                <\/div>\n                                                    <\/div>\n                    <\/div>\n                            <\/div>\n                <div class=\"cms-grid-overlay\"><\/div>\r\n    <\/div>\r\n                <div class=\"cms-post-pagination cms-load-more text-center mt-40\" data-loadmore=\"{&quot;post_type&quot;:&quot;cms-project&quot;,&quot;layout&quot;:&quot;3&quot;,&quot;startPage&quot;:1,&quot;maxPages&quot;:2,&quot;total&quot;:10,&quot;perpage&quot;:6,&quot;nextLink&quot;:&quot;https:\\\/\\\/ozadilplastik.com\\\/en\\\/wp-json\\\/wp\\\/v2\\\/pages\\\/44\\\/page\\\/2\\\/&quot;,&quot;source&quot;:&quot;&quot;,&quot;orderby&quot;:&quot;date&quot;,&quot;order&quot;:&quot;desc&quot;,&quot;limit&quot;:6,&quot;col_xl&quot;:&quot;3&quot;,&quot;col_lg&quot;:&quot;3&quot;,&quot;col_md&quot;:&quot;2&quot;,&quot;col_sm&quot;:&quot;1&quot;,&quot;gap&quot;:30,&quot;gap_extra&quot;:&quot;&quot;,&quot;thumbnail_size&quot;:&quot;medium&quot;,&quot;thumbnail_custom_dimension&quot;:{&quot;width&quot;:&quot;&quot;,&quot;height&quot;:&quot;&quot;},&quot;excerpt_lenght&quot;:25,&quot;excerpt_more_text&quot;:&quot;...&quot;,&quot;readmore_text&quot;:&quot;Explore More&quot;,&quot;show_fb&quot;:&quot;&quot;,&quot;show_tw&quot;:&quot;&quot;,&quot;show_insta&quot;:&quot;&quot;,&quot;show_email&quot;:&quot;&quot;,&quot;show_phone&quot;:&quot;&quot;,&quot;tax&quot;:[&quot;project-category&quot;,&quot;project-category&quot;]}\" data-loading-text=\"Loading\">\r\n            <span class=\"btn btn-lg btn-fill btn-accent\">\r\n                <span class=\"cms-btn-content\">\r\n                    <span class=\"cms-btn-icon text-20 cmsi-arrow-circle-right\"><\/span>\r\n                    <span class=\"cms-btn-text\">Load More<\/span>\r\n                <\/span>\r\n            <\/span>\r\n        <\/div>\r\n    <\/div>\t\t<\/div>\n\t\t\t\t<\/div>\n\t\t        <\/div>\r\n        <\/div>\r\n        \t\t        <\/div>\r\n        <\/section>\r\n\t\t\t\t\t\t\t<\/div>","protected":false},"excerpt":{"rendered":"<p>All ECO Finance Green Energy Infractures Innovations Supply Chain Finance, Supply Chain Expanding The Solar Supply Chain Finance Program We has announced the expansion of its solar supply chain finance (SCF) program for PV module manufacturers Explore More ECO, Green Energy Addressing Wind Energy Innovation Challenges We has announced the expansion of its solar supply [&hellip;]<\/p>","protected":false},"author":1,"featured_media":0,"parent":0,"menu_order":13,"comment_status":"closed","ping_status":"closed","template":"","meta":{"footnotes":""},"class_list":["post-44","page","type-page","status-publish","hentry","cms-has-post-thumbnail"],"_links":{"self":[{"href":"https:\/\/ozadilplastik.com\/en\/wp-json\/wp\/v2\/pages\/44","targetHints":{"allow":["GET"]}}],"collection":[{"href":"https:\/\/ozadilplastik.com\/en\/wp-json\/wp\/v2\/pages"}],"about":[{"href":"https:\/\/ozadilplastik.com\/en\/wp-json\/wp\/v2\/types\/page"}],"author":[{"embeddable":true,"href":"https:\/\/ozadilplastik.com\/en\/wp-json\/wp\/v2\/users\/1"}],"replies":[{"embeddable":true,"href":"https:\/\/ozadilplastik.com\/en\/wp-json\/wp\/v2\/comments?post=44"}],"version-history":[{"count":0,"href":"https:\/\/ozadilplastik.com\/en\/wp-json\/wp\/v2\/pages\/44\/revisions"}],"wp:attachment":[{"href":"https:\/\/ozadilplastik.com\/en\/wp-json\/wp\/v2\/media?parent=44"}],"curies":[{"name":"wp","href":"https:\/\/api.w.org\/{rel}","templated":true}]}}