{"id":40,"date":"2020-12-08T09:30:17","date_gmt":"2020-12-08T09:30:17","guid":{"rendered":"https:\/\/demo.cmssuperheroes.com\/themeforest\/solatec\/?page_id=40"},"modified":"2024-05-29T20:14:42","modified_gmt":"2024-05-29T17:14:42","slug":"ihracat","status":"publish","type":"page","link":"https:\/\/ozadilplastik.com\/en\/ihracat\/","title":{"rendered":"\u0130hracat"},"content":{"rendered":"<div data-elementor-type=\"wp-page\" data-elementor-id=\"40\" class=\"elementor elementor-40\">\n\t\t\t\t\t\t\t        <section class=\"elementor-section elementor-top-section elementor-element elementor-element-bf61f85 pt-15 pb-35 elementor-section-boxed elementor-section-height-default elementor-section-height-default cms-boxed-bg-false\" data-id=\"bf61f85\" data-element_type=\"section\">\r\n\t\t\r\n\t\t<div class=\"cms-section-boxed-bg\"><\/div>        <div class=\"elementor-container elementor-column-gap-default\" >\r\n\t\t        <div class=\"elementor-column elementor-col-100 elementor-top-column elementor-element elementor-element-6aeb0f4\" data-id=\"6aeb0f4\" data-element_type=\"column\">\r\n        <div class=\"elementor-widget-wrap elementor-element-populated\">\r\n                        \t\t<div class=\"elementor-element elementor-element-5fb07d1 elementor-widget elementor-widget-spacer\" data-id=\"5fb07d1\" data-element_type=\"widget\" data-widget_type=\"spacer.default\">\n\t\t\t\t<div class=\"elementor-widget-container\">\n\t\t\t<style>\/*! elementor - v3.18.0 - 20-12-2023 *\/\n.elementor-column .elementor-spacer-inner{height:var(--spacer-size)}.e-con{--container-widget-width:100%}.e-con-inner>.elementor-widget-spacer,.e-con>.elementor-widget-spacer{width:var(--container-widget-width,var(--spacer-size));--align-self:var(--container-widget-align-self,initial);--flex-shrink:0}.e-con-inner>.elementor-widget-spacer>.elementor-widget-container,.e-con>.elementor-widget-spacer>.elementor-widget-container{height:100%;width:100%}.e-con-inner>.elementor-widget-spacer>.elementor-widget-container>.elementor-spacer,.e-con>.elementor-widget-spacer>.elementor-widget-container>.elementor-spacer{height:100%}.e-con-inner>.elementor-widget-spacer>.elementor-widget-container>.elementor-spacer>.elementor-spacer-inner,.e-con>.elementor-widget-spacer>.elementor-widget-container>.elementor-spacer>.elementor-spacer-inner{height:var(--container-widget-height,var(--spacer-size))}.e-con-inner>.elementor-widget-spacer.elementor-widget-empty,.e-con>.elementor-widget-spacer.elementor-widget-empty{position:relative;min-height:22px;min-width:22px}.e-con-inner>.elementor-widget-spacer.elementor-widget-empty .elementor-widget-empty-icon,.e-con>.elementor-widget-spacer.elementor-widget-empty .elementor-widget-empty-icon{position:absolute;top:0;bottom:0;left:0;right:0;margin:auto;padding:0;width:22px;height:22px}<\/style>\t\t<div class=\"elementor-spacer\">\n\t\t\t<div class=\"elementor-spacer-inner\"><\/div>\n\t\t<\/div>\n\t\t\t\t<\/div>\n\t\t\t\t<\/div>\n\t\t\t\t<div class=\"elementor-element elementor-element-11dfa6c elementor-widget elementor-widget-image\" data-id=\"11dfa6c\" data-element_type=\"widget\" data-widget_type=\"image.default\">\n\t\t\t\t<div class=\"elementor-widget-container\">\n\t\t\t<style>\/*! elementor - v3.18.0 - 20-12-2023 *\/\n.elementor-widget-image{text-align:center}.elementor-widget-image a{display:inline-block}.elementor-widget-image a img[src$=\".svg\"]{width:48px}.elementor-widget-image img{vertical-align:middle;display:inline-block}<\/style>\t\t\t\t\t\t\t\t\t\t\t\t<img fetchpriority=\"high\" class=\"cms-lazy lazy-loading attachment-1536x1536 size-1536x1536 wp-image-5185\" data-src=\"https:\/\/ozadilplastik.com\/wp-content\/uploads\/2024\/01\/port-6670684_1280.jpg\" width=\"1280\" height=\"856\" alt=\"\" srcset=\"https:\/\/ozadilplastik.com\/wp-content\/uploads\/2024\/01\/port-6670684_1280.jpg 1280w, https:\/\/ozadilplastik.com\/wp-content\/uploads\/2024\/01\/port-6670684_1280-120x80.jpg 120w, https:\/\/ozadilplastik.com\/wp-content\/uploads\/2024\/01\/port-6670684_1280-18x12.jpg 18w, https:\/\/ozadilplastik.com\/wp-content\/uploads\/2024\/01\/port-6670684_1280-748x500.jpg 748w\" sizes=\"(max-width: 1280px) 100vw, 1280px\" \/>\t\t\t\t\t\t\t\t\t\t\t\t\t\t\t<\/div>\n\t\t\t\t<\/div>\n\t\t\t\t<div class=\"elementor-element elementor-element-8bc540b cms-heading-layout-8 elementor-widget elementor-widget-cms_heading\" data-id=\"8bc540b\" data-element_type=\"widget\" data-widget_type=\"cms_heading.default\">\n\t\t\t\t<div class=\"elementor-widget-container\">\n\t\t\t\r\n<div class=\"cms-heading-wrapper\">\r\n    <div class=\"row\">\r\n        <div class=\"col-xl-5\">\r\n                            <div class=\"cms-mainheading text-16 font-700 text-primary text-accent\">\u0130hracat<\/div>\r\n                        <div class=\"cms-heading cms-subheading text-34 lh-48 pt-10 text-\">T\u00fcrkiye'den D\u00fcnyaya!<\/div>\r\n                <\/div>\r\n        <div class=\"col-12\">\r\n            <div class=\"row\">\r\n                <div class=\"col-lg-6\">\r\n                                            <div class=\"cms-heading-desc text-16 lh-27 pt-20 text-\"><p>\u00d6z Adil  Plastik, plastik ve hammadde \u00fcretimindeki uzmanl\u0131\u011f\u0131yla, d\u00fcnya genelinde m\u00fc\u015fterilerine en kaliteli \u00fcr\u00fcnleri sunmaya devam ediyor.S\u0131n\u0131f\u0131nda lider olan \u00fcr\u00fcnlerimizi ve k\u00fcresel \u00e7\u00f6z\u00fcmlerimizi daha yak\u0131ndan tan\u0131man\u0131z\u0131 sa\u011fl\u0131yoruz.<\/p>\n<p>Firmam\u0131z, end\u00fcstri standartlar\u0131n\u0131 a\u015fan geni\u015f bir \u00fcr\u00fcn portf\u00f6y\u00fc sunmaktad\u0131r. Ambalaj malzemelerinden in\u015faat sekt\u00f6r\u00fcne kadar \u00e7e\u015fitli sekt\u00f6rlere hitap eden \u00fcr\u00fcnlerimiz, m\u00fc\u015fterilerimize \u00f6zelle\u015ftirilmi\u015f \u00e7\u00f6z\u00fcmler sunma esnekli\u011fi sa\u011flar. Sekt\u00f6rdeki en son geli\u015fmeleri ve talepleri yak\u0131ndan takip ederek, m\u00fc\u015fterilerimizin ihtiya\u00e7lar\u0131na y\u00f6nelik yenilik\u00e7i \u00fcr\u00fcnler geli\u015ftirmeye devam ediyoruz.<\/p>\n<\/div>\r\n                                    <\/div>\r\n                <div class=\"col-lg-6 col-xl-5 offset-xl-1\">\r\n                                            <div class=\"cms-heading-desc text-16 lh-27 pt-20 text-\"><p>Kalite, i\u015fimizin temel ta\u015f\u0131d\u0131r. \u00dcr\u00fcnlerimiz, sekt\u00f6rdeki en y\u00fcksek kalite standartlar\u0131na uygun olarak \u00fcretilir ve s\u0131k\u0131 kalite kontrol s\u00fcre\u00e7lerinden ge\u00e7er. Ayr\u0131ca, \u00e7evre dostu \u00fcretim s\u00fcre\u00e7leriyle s\u00fcrd\u00fcr\u00fclebilirli\u011fi destekliyor ve gelecek nesillere daha iyi bir d\u00fcnya b\u0131rakmay\u0131 hedefliyoruz.<\/p>\n<\/div>\r\n                                    \r\n                    <div class=\"cms-heading-btns row gutters-30 gutters-grid empty-none pt-35 align-items-center\"><\/div>\r\n                <\/div>\r\n            <\/div>\r\n        <\/div>\r\n    <\/div>\r\n<\/div>\t\t<\/div>\n\t\t\t\t<\/div>\n\t\t        <\/div>\r\n        <\/div>\r\n        \t\t        <\/div>\r\n        <\/section>\r\n\t\t<div class=\"elementor-element elementor-element-39de624 e-flex e-con-boxed e-con e-parent\" data-id=\"39de624\" data-element_type=\"container\" data-settings=\"{&quot;content_width&quot;:&quot;boxed&quot;}\" data-core-v316-plus=\"true\">\n\t\t\t\t\t<div class=\"e-con-inner\">\n\t\t<div class=\"elementor-element elementor-element-010ced1 e-con-full e-flex e-con e-child\" data-id=\"010ced1\" data-element_type=\"container\" data-settings=\"{&quot;content_width&quot;:&quot;full&quot;}\">\n\t\t\t\t<div class=\"elementor-element elementor-element-2d67755 elementor-widget elementor-widget-counter\" data-id=\"2d67755\" data-element_type=\"widget\" data-widget_type=\"counter.default\">\n\t\t\t\t<div class=\"elementor-widget-container\">\n\t\t\t<style>\/*! elementor - v3.18.0 - 20-12-2023 *\/\n.elementor-counter .elementor-counter-number-wrapper{display:flex;font-size:69px;font-weight:600;line-height:1}.elementor-counter .elementor-counter-number-prefix,.elementor-counter .elementor-counter-number-suffix{flex-grow:1;white-space:pre-wrap}.elementor-counter .elementor-counter-number-prefix{text-align:right}.elementor-counter .elementor-counter-number-suffix{text-align:left}.elementor-counter .elementor-counter-title{text-align:center;font-size:19px;font-weight:400;line-height:2.5}<\/style>\t\t<div class=\"elementor-counter\">\n\t\t\t<div class=\"elementor-counter-number-wrapper\">\n\t\t\t\t<span class=\"elementor-counter-number-prefix\"><\/span>\n\t\t\t\t<span class=\"elementor-counter-number\" data-duration=\"2000\" data-to-value=\"41\" data-from-value=\"0\" data-delimiter=\",\">0<\/span>\n\t\t\t\t<span class=\"elementor-counter-number-suffix\"><\/span>\n\t\t\t<\/div>\n\t\t\t\t\t\t\t<div class=\"elementor-counter-title\">Y\u0131ll\u0131k Tecr\u00fcbe<\/div>\n\t\t\t\t\t<\/div>\n\t\t\t\t<\/div>\n\t\t\t\t<\/div>\n\t\t\t\t<\/div>\n\t\t<div class=\"elementor-element elementor-element-90cd675 e-con-full e-flex e-con e-child\" data-id=\"90cd675\" data-element_type=\"container\" data-settings=\"{&quot;content_width&quot;:&quot;full&quot;}\">\n\t\t\t\t<div class=\"elementor-element elementor-element-8a79c11 elementor-widget elementor-widget-counter\" data-id=\"8a79c11\" data-element_type=\"widget\" data-widget_type=\"counter.default\">\n\t\t\t\t<div class=\"elementor-widget-container\">\n\t\t\t\t\t<div class=\"elementor-counter\">\n\t\t\t<div class=\"elementor-counter-number-wrapper\">\n\t\t\t\t<span class=\"elementor-counter-number-prefix\"><\/span>\n\t\t\t\t<span class=\"elementor-counter-number\" data-duration=\"2000\" data-to-value=\"4550\" data-from-value=\"0\" data-delimiter=\",\">0<\/span>\n\t\t\t\t<span class=\"elementor-counter-number-suffix\"><\/span>\n\t\t\t<\/div>\n\t\t\t\t\t\t\t<div class=\"elementor-counter-title\">m2 \u00dcretim Tesisi<\/div>\n\t\t\t\t\t<\/div>\n\t\t\t\t<\/div>\n\t\t\t\t<\/div>\n\t\t\t\t<\/div>\n\t\t<div class=\"elementor-element elementor-element-61e6f3e e-con-full e-flex e-con e-child\" data-id=\"61e6f3e\" data-element_type=\"container\" data-settings=\"{&quot;content_width&quot;:&quot;full&quot;}\">\n\t\t\t\t<div class=\"elementor-element elementor-element-92b4a9f elementor-widget elementor-widget-counter\" data-id=\"92b4a9f\" data-element_type=\"widget\" data-widget_type=\"counter.default\">\n\t\t\t\t<div class=\"elementor-widget-container\">\n\t\t\t\t\t<div class=\"elementor-counter\">\n\t\t\t<div class=\"elementor-counter-number-wrapper\">\n\t\t\t\t<span class=\"elementor-counter-number-prefix\"><\/span>\n\t\t\t\t<span class=\"elementor-counter-number\" data-duration=\"2000\" data-to-value=\"8\" data-from-value=\"0\" data-delimiter=\",\">0<\/span>\n\t\t\t\t<span class=\"elementor-counter-number-suffix\"><\/span>\n\t\t\t<\/div>\n\t\t\t\t\t\t\t<div class=\"elementor-counter-title\">\u0130hracat<\/div>\n\t\t\t\t\t<\/div>\n\t\t\t\t<\/div>\n\t\t\t\t<\/div>\n\t\t\t\t<\/div>\n\t\t<div class=\"elementor-element elementor-element-ea4a783 e-con-full e-flex e-con e-child\" data-id=\"ea4a783\" data-element_type=\"container\" data-settings=\"{&quot;content_width&quot;:&quot;full&quot;}\">\n\t\t\t\t<div class=\"elementor-element elementor-element-37646c3 elementor-widget elementor-widget-counter\" data-id=\"37646c3\" data-element_type=\"widget\" data-widget_type=\"counter.default\">\n\t\t\t\t<div class=\"elementor-widget-container\">\n\t\t\t\t\t<div class=\"elementor-counter\">\n\t\t\t<div class=\"elementor-counter-number-wrapper\">\n\t\t\t\t<span class=\"elementor-counter-number-prefix\"><\/span>\n\t\t\t\t<span class=\"elementor-counter-number\" data-duration=\"2000\" data-to-value=\"10000\" data-from-value=\"0\" data-delimiter=\",\">0<\/span>\n\t\t\t\t<span class=\"elementor-counter-number-suffix\"><\/span>\n\t\t\t<\/div>\n\t\t\t\t\t\t\t<div class=\"elementor-counter-title\">Ton Hammade<\/div>\n\t\t\t\t\t<\/div>\n\t\t\t\t<\/div>\n\t\t\t\t<\/div>\n\t\t\t\t<\/div>\n\t\t\t\t\t<\/div>\n\t\t\t\t<\/div>\n\t\t<div class=\"elementor-element elementor-element-3463af8 e-flex e-con-boxed e-con e-parent\" data-id=\"3463af8\" data-element_type=\"container\" data-settings=\"{&quot;content_width&quot;:&quot;boxed&quot;}\" data-core-v316-plus=\"true\">\n\t\t\t\t\t<div class=\"e-con-inner\">\n\t\t\t\t<div class=\"elementor-element elementor-element-e4dcdff elementor-widget elementor-widget-spacer\" data-id=\"e4dcdff\" data-element_type=\"widget\" data-widget_type=\"spacer.default\">\n\t\t\t\t<div class=\"elementor-widget-container\">\n\t\t\t\t\t<div class=\"elementor-spacer\">\n\t\t\t<div class=\"elementor-spacer-inner\"><\/div>\n\t\t<\/div>\n\t\t\t\t<\/div>\n\t\t\t\t<\/div>\n\t\t\t\t\t<\/div>\n\t\t\t\t<\/div>\n\t\t\t\t\t\t\t<\/div>","protected":false},"excerpt":{"rendered":"<p>\u0130hracat T\u00fcrkiye&#8217;den D\u00fcnyaya! \u00d6z Adil Plastik, plastik ve hammadde \u00fcretimindeki uzmanl\u0131\u011f\u0131yla, d\u00fcnya genelinde m\u00fc\u015fterilerine en kaliteli \u00fcr\u00fcnleri sunmaya devam ediyor.S\u0131n\u0131f\u0131nda lider olan \u00fcr\u00fcnlerimizi ve k\u00fcresel \u00e7\u00f6z\u00fcmlerimizi daha yak\u0131ndan tan\u0131man\u0131z\u0131 sa\u011fl\u0131yoruz. Firmam\u0131z, end\u00fcstri standartlar\u0131n\u0131 a\u015fan geni\u015f bir \u00fcr\u00fcn portf\u00f6y\u00fc sunmaktad\u0131r. Ambalaj malzemelerinden in\u015faat sekt\u00f6r\u00fcne kadar \u00e7e\u015fitli sekt\u00f6rlere hitap eden \u00fcr\u00fcnlerimiz, m\u00fc\u015fterilerimize \u00f6zelle\u015ftirilmi\u015f \u00e7\u00f6z\u00fcmler sunma esnekli\u011fi sa\u011flar. [&hellip;]<\/p>","protected":false},"author":1,"featured_media":0,"parent":0,"menu_order":11,"comment_status":"closed","ping_status":"closed","template":"","meta":{"footnotes":""},"class_list":["post-40","page","type-page","status-publish","hentry","cms-has-post-thumbnail"],"_links":{"self":[{"href":"https:\/\/ozadilplastik.com\/en\/wp-json\/wp\/v2\/pages\/40","targetHints":{"allow":["GET"]}}],"collection":[{"href":"https:\/\/ozadilplastik.com\/en\/wp-json\/wp\/v2\/pages"}],"about":[{"href":"https:\/\/ozadilplastik.com\/en\/wp-json\/wp\/v2\/types\/page"}],"author":[{"embeddable":true,"href":"https:\/\/ozadilplastik.com\/en\/wp-json\/wp\/v2\/users\/1"}],"replies":[{"embeddable":true,"href":"https:\/\/ozadilplastik.com\/en\/wp-json\/wp\/v2\/comments?post=40"}],"version-history":[{"count":14,"href":"https:\/\/ozadilplastik.com\/en\/wp-json\/wp\/v2\/pages\/40\/revisions"}],"predecessor-version":[{"id":5414,"href":"https:\/\/ozadilplastik.com\/en\/wp-json\/wp\/v2\/pages\/40\/revisions\/5414"}],"wp:attachment":[{"href":"https:\/\/ozadilplastik.com\/en\/wp-json\/wp\/v2\/media?parent=40"}],"curies":[{"name":"wp","href":"https:\/\/api.w.org\/{rel}","templated":true}]}}