{"id":32,"date":"2020-12-08T09:29:01","date_gmt":"2020-12-08T09:29:01","guid":{"rendered":"https:\/\/demo.cmssuperheroes.com\/themeforest\/solatec\/?page_id=32"},"modified":"2024-05-29T20:12:56","modified_gmt":"2024-05-29T17:12:56","slug":"belgeler","status":"publish","type":"page","link":"https:\/\/ozadilplastik.com\/en\/belgeler\/","title":{"rendered":"Belgeler"},"content":{"rendered":"<div data-elementor-type=\"wp-page\" data-elementor-id=\"32\" class=\"elementor elementor-32\">\n\t\t\t\t\t\t\t        <section class=\"elementor-section elementor-top-section elementor-element elementor-element-ff0c2fe cms-justify-content-center pb-90 elementor-section-boxed elementor-section-height-default elementor-section-height-default cms-boxed-bg-false\" data-id=\"ff0c2fe\" data-element_type=\"section\">\r\n\t\t\r\n\t\t<div class=\"cms-section-boxed-bg\"><\/div>        <div class=\"elementor-container elementor-column-gap-default\" >\r\n\t\t        <div class=\"elementor-column elementor-col-58 elementor-top-column elementor-element elementor-element-ddeb6f5\" data-id=\"ddeb6f5\" data-element_type=\"column\">\r\n        <div class=\"elementor-widget-wrap elementor-element-populated\">\r\n                        \t\t<div class=\"elementor-element elementor-element-59e346f cms-heading-layout-5 elementor-widget elementor-widget-cms_heading\" data-id=\"59e346f\" data-element_type=\"widget\" data-widget_type=\"cms_heading.default\">\n\t\t\t\t<div class=\"elementor-widget-container\">\n\t\t\t\r\n<div class=\"cms-heading-wrapper text-center\">\r\n            <div class=\"cms-mainheading text-16 lh-24 font-700 text-accent\">Belgelerimiz<\/div>\r\n        <div class=\"cms-heading-btns row gutters-30 gutters-grid empty-none pt-40 align-items-center justify-content-center\">    <\/div>\r\n<\/div>\t\t<\/div>\n\t\t\t\t<\/div>\n\t\t        <\/div>\r\n        <\/div>\r\n                <div class=\"elementor-column elementor-col-100 elementor-top-column elementor-element elementor-element-535b171\" data-id=\"535b171\" data-element_type=\"column\">\r\n        <div class=\"elementor-widget-wrap elementor-element-populated\">\r\n                                <section class=\"elementor-section elementor-inner-section elementor-element elementor-element-9f45b10 mt-n20 elementor-section-boxed elementor-section-height-default elementor-section-height-default cms-boxed-bg-false\" data-id=\"9f45b10\" data-element_type=\"section\">\r\n\t\t\r\n\t\t<div class=\"cms-section-boxed-bg\"><\/div>        <div class=\"elementor-container elementor-column-gap-default\" >\r\n\t\t        <div class=\"elementor-column elementor-col-50 elementor-inner-column elementor-element elementor-element-6428132\" data-id=\"6428132\" data-element_type=\"column\">\r\n        <div class=\"elementor-widget-wrap elementor-element-populated\">\r\n                        \t\t<div class=\"elementor-element elementor-element-3b70dbd elementor-widget elementor-widget-spacer\" data-id=\"3b70dbd\" data-element_type=\"widget\" data-widget_type=\"spacer.default\">\n\t\t\t\t<div class=\"elementor-widget-container\">\n\t\t\t<style>\/*! elementor - v3.18.0 - 20-12-2023 *\/\n.elementor-column .elementor-spacer-inner{height:var(--spacer-size)}.e-con{--container-widget-width:100%}.e-con-inner>.elementor-widget-spacer,.e-con>.elementor-widget-spacer{width:var(--container-widget-width,var(--spacer-size));--align-self:var(--container-widget-align-self,initial);--flex-shrink:0}.e-con-inner>.elementor-widget-spacer>.elementor-widget-container,.e-con>.elementor-widget-spacer>.elementor-widget-container{height:100%;width:100%}.e-con-inner>.elementor-widget-spacer>.elementor-widget-container>.elementor-spacer,.e-con>.elementor-widget-spacer>.elementor-widget-container>.elementor-spacer{height:100%}.e-con-inner>.elementor-widget-spacer>.elementor-widget-container>.elementor-spacer>.elementor-spacer-inner,.e-con>.elementor-widget-spacer>.elementor-widget-container>.elementor-spacer>.elementor-spacer-inner{height:var(--container-widget-height,var(--spacer-size))}.e-con-inner>.elementor-widget-spacer.elementor-widget-empty,.e-con>.elementor-widget-spacer.elementor-widget-empty{position:relative;min-height:22px;min-width:22px}.e-con-inner>.elementor-widget-spacer.elementor-widget-empty .elementor-widget-empty-icon,.e-con>.elementor-widget-spacer.elementor-widget-empty .elementor-widget-empty-icon{position:absolute;top:0;bottom:0;left:0;right:0;margin:auto;padding:0;width:22px;height:22px}<\/style>\t\t<div class=\"elementor-spacer\">\n\t\t\t<div class=\"elementor-spacer-inner\"><\/div>\n\t\t<\/div>\n\t\t\t\t<\/div>\n\t\t\t\t<\/div>\n\t\t\t\t<div class=\"elementor-element elementor-element-19792e8 cms-icon-box-layout-10 elementor-widget elementor-widget-cms_fancy_box\" data-id=\"19792e8\" data-element_type=\"widget\" data-widget_type=\"cms_fancy_box.default\">\n\t\t\t\t<div class=\"elementor-widget-container\">\n\t\t\t<div class=\"row text-center\">\r\n    <div class=\"col-12 mb-10\"><img fetchpriority=\"high\" class=\"mb-20 w-100 cms-lazy lazy-loading cms-img\" data-src=\"https:\/\/ozadilplastik.com\/wp-content\/uploads\/2024\/03\/cevre-izin.jpg\" width=\"1200\" height=\"800\" alt=\"\" \/><\/div>\r\n    <div class=\"col\">\r\n        <div class=\"p-lr-15 p-lr-lg-30\">\r\n            <div class=\"cms-heading text-18 text-\">\u00c7evre \u0130zin Lisans Belgesi<\/div> \r\n                    <\/div>\r\n    <\/div>\r\n<\/div>\r\n\t\t<\/div>\n\t\t\t\t<\/div>\n\t\t\t\t<div class=\"elementor-element elementor-element-377434c elementor-widget elementor-widget-cms_button\" data-id=\"377434c\" data-element_type=\"widget\" data-widget_type=\"cms_button.default\">\n\t\t\t\t<div class=\"elementor-widget-container\">\n\t\t\t        <div class=\"cms-btn-wraps  text-center\">\r\n                <a href=\"https:\/\/ozadilplastik.com\/wp-content\/uploads\/2024\/03\/CEVRE-IZIN-LISANS-BELGESI.pdf\" class=\"btn btn-fill btn-accent btn-hover-primary\">\r\n                <span class=\"cms-btn-content cms-btn-content-\">\r\n                                            <span class=\"cms-btn-icon order-left  rtl-flip\">\r\n                            <i aria-hidden=\"true\" class=\"cmsi-arrow-circle-right\"><\/i>                        <\/span>\r\n                                        <span class=\"cms-btn-text\">Belgeyi G\u00f6r\u00fcnt\u00fcle<\/span>\r\n                                    <\/span>\r\n            <\/a>\r\n                <\/div>\r\n    \t\t<\/div>\n\t\t\t\t<\/div>\n\t\t        <\/div>\r\n        <\/div>\r\n                <div class=\"elementor-column elementor-col-50 elementor-inner-column elementor-element elementor-element-ec5dbbe\" data-id=\"ec5dbbe\" data-element_type=\"column\">\r\n        <div class=\"elementor-widget-wrap elementor-element-populated\">\r\n                        \t\t<div class=\"elementor-element elementor-element-3e04329 elementor-widget elementor-widget-spacer\" data-id=\"3e04329\" data-element_type=\"widget\" data-widget_type=\"spacer.default\">\n\t\t\t\t<div class=\"elementor-widget-container\">\n\t\t\t\t\t<div class=\"elementor-spacer\">\n\t\t\t<div class=\"elementor-spacer-inner\"><\/div>\n\t\t<\/div>\n\t\t\t\t<\/div>\n\t\t\t\t<\/div>\n\t\t\t\t<div class=\"elementor-element elementor-element-92b79f1 cms-icon-box-layout-10 elementor-widget elementor-widget-cms_fancy_box\" data-id=\"92b79f1\" data-element_type=\"widget\" data-widget_type=\"cms_fancy_box.default\">\n\t\t\t\t<div class=\"elementor-widget-container\">\n\t\t\t<div class=\"row text-center\">\r\n    <div class=\"col-12 mb-10\"><img class=\"mb-20 w-100 cms-lazy lazy-loading cms-img\" data-src=\"https:\/\/ozadilplastik.com\/wp-content\/uploads\/2024\/03\/markatescil.jpg\" width=\"1200\" height=\"800\" alt=\"\" \/><\/div>\r\n    <div class=\"col\">\r\n        <div class=\"p-lr-15 p-lr-lg-30\">\r\n            <div class=\"cms-heading text-18 text-\">Marka Tescil Belgesi<\/div> \r\n                    <\/div>\r\n    <\/div>\r\n<\/div>\r\n\t\t<\/div>\n\t\t\t\t<\/div>\n\t\t\t\t<div class=\"elementor-element elementor-element-c522fce elementor-widget elementor-widget-cms_button\" data-id=\"c522fce\" data-element_type=\"widget\" data-widget_type=\"cms_button.default\">\n\t\t\t\t<div class=\"elementor-widget-container\">\n\t\t\t        <div class=\"cms-btn-wraps  text-center\">\r\n                <a href=\"https:\/\/ozadilplastik.com\/wp-content\/uploads\/2024\/03\/MARKA-TESCIL.pdf\" class=\"btn btn-fill btn-accent btn-hover-primary\">\r\n                <span class=\"cms-btn-content cms-btn-content-\">\r\n                                            <span class=\"cms-btn-icon order-left  rtl-flip\">\r\n                            <i aria-hidden=\"true\" class=\"cmsi-arrow-circle-right\"><\/i>                        <\/span>\r\n                                        <span class=\"cms-btn-text\">Belgeyi G\u00f6r\u00fcnt\u00fcle<\/span>\r\n                                    <\/span>\r\n            <\/a>\r\n                <\/div>\r\n    \t\t<\/div>\n\t\t\t\t<\/div>\n\t\t        <\/div>\r\n        <\/div>\r\n        \t\t        <\/div>\r\n        <\/section>\r\n\t\t        <\/div>\r\n        <\/div>\r\n        \t\t        <\/div>\r\n        <\/section>\r\n\t\t\t\t\t\t\t<\/div>","protected":false},"excerpt":{"rendered":"<p>Belgelerimiz \u00c7evre \u0130zin Lisans Belgesi Belgeyi G\u00f6r\u00fcnt\u00fcle Marka Tescil Belgesi Belgeyi G\u00f6r\u00fcnt\u00fcle<\/p>","protected":false},"author":1,"featured_media":0,"parent":0,"menu_order":7,"comment_status":"closed","ping_status":"closed","template":"","meta":{"footnotes":""},"class_list":["post-32","page","type-page","status-publish","hentry","cms-has-post-thumbnail"],"_links":{"self":[{"href":"https:\/\/ozadilplastik.com\/en\/wp-json\/wp\/v2\/pages\/32","targetHints":{"allow":["GET"]}}],"collection":[{"href":"https:\/\/ozadilplastik.com\/en\/wp-json\/wp\/v2\/pages"}],"about":[{"href":"https:\/\/ozadilplastik.com\/en\/wp-json\/wp\/v2\/types\/page"}],"author":[{"embeddable":true,"href":"https:\/\/ozadilplastik.com\/en\/wp-json\/wp\/v2\/users\/1"}],"replies":[{"embeddable":true,"href":"https:\/\/ozadilplastik.com\/en\/wp-json\/wp\/v2\/comments?post=32"}],"version-history":[{"count":19,"href":"https:\/\/ozadilplastik.com\/en\/wp-json\/wp\/v2\/pages\/32\/revisions"}],"predecessor-version":[{"id":5410,"href":"https:\/\/ozadilplastik.com\/en\/wp-json\/wp\/v2\/pages\/32\/revisions\/5410"}],"wp:attachment":[{"href":"https:\/\/ozadilplastik.com\/en\/wp-json\/wp\/v2\/media?parent=32"}],"curies":[{"name":"wp","href":"https:\/\/api.w.org\/{rel}","templated":true}]}}