{"id":28,"date":"2020-12-08T09:28:25","date_gmt":"2020-12-08T09:28:25","guid":{"rendered":"https:\/\/demo.cmssuperheroes.com\/themeforest\/solatec\/?page_id=28"},"modified":"2024-03-15T23:14:05","modified_gmt":"2024-03-15T20:14:05","slug":"misyon-vizyon","status":"publish","type":"page","link":"https:\/\/ozadilplastik.com\/en\/misyon-vizyon\/","title":{"rendered":"Misyon &#8211; Vizyon"},"content":{"rendered":"<div data-elementor-type=\"wp-page\" data-elementor-id=\"28\" class=\"elementor elementor-28\">\n\t\t\t\t\t\t\t        <section class=\"elementor-section elementor-top-section elementor-element elementor-element-dd516a4 cms-justify-content-between elementor-section-boxed elementor-section-height-default elementor-section-height-default cms-boxed-bg-false\" data-id=\"dd516a4\" data-element_type=\"section\">\r\n\t\t\r\n\t\t<div class=\"cms-section-boxed-bg\"><\/div>        <div class=\"elementor-container elementor-column-gap-default\" >\r\n\t\t        <div class=\"elementor-column elementor-col-50 elementor-top-column elementor-element elementor-element-33e8d85e mt-n10\" data-id=\"33e8d85e\" data-element_type=\"column\">\r\n        <div class=\"elementor-widget-wrap elementor-element-populated\">\r\n                        \t\t<div class=\"elementor-element elementor-element-acdd934 cms-heading-layout-5 elementor-widget elementor-widget-cms_heading\" data-id=\"acdd934\" data-element_type=\"widget\" data-widget_type=\"cms_heading.default\">\n\t\t\t\t<div class=\"elementor-widget-container\">\n\t\t\t\r\n<div class=\"cms-heading-wrapper text-start\">\r\n            <div class=\"cms-mainheading text-16 lh-24 font-700 text-accent\">Misyonumuz<\/div>\r\n            <div class=\"cms-heading-desc text-16 lh-27 pt-20\"><p>\u00d6zadil Plastik, m\u00fc\u015fteri memnuniyeti odakl\u0131 bir yakla\u015f\u0131m benimseyerek, m\u00fc\u015fterilerinin ihtiya\u00e7lar\u0131n\u0131 kar\u015f\u0131lamak ve beklentilerini a\u015fmak i\u00e7in s\u00fcrekli olarak yenilik\u00e7i ve s\u00fcrd\u00fcr\u00fclebilir \u00e7\u00f6z\u00fcmler sunma misyonunu benimsemi\u015ftir. Bu do\u011frultuda, \u015firket \u00fcr\u00fcnlerinin kalitesi ve s\u00fcrd\u00fcr\u00fclebilirli\u011fi i\u00e7in titizlikle \u00e7al\u0131\u015fmalar\u0131n\u0131 s\u00fcrd\u00fcrmektedir.<\/p>\n<p>M\u00fc\u015fterilerin taleplerine h\u0131zl\u0131 ve etkili bir \u015fekilde cevap verebilmek i\u00e7in, \u00d6zadil Plastik s\u00fcrekli olarak AR-GE \u00e7al\u0131\u015fmalar\u0131 yapmakta ve \u00fcretim s\u00fcre\u00e7lerinde en son teknolojileri kullanmaktad\u0131r. Bu sayede, sekt\u00f6rdeki geli\u015fmeleri yak\u0131ndan takip ederek, m\u00fc\u015fterilere daha iyi hizmet sunmak i\u00e7in s\u00fcrekli olarak kendini geli\u015ftirmektedir.<\/p>\n<p>Ayr\u0131ca, \u015firket \u00e7evresel etkileri minimize etmek i\u00e7in s\u00fcrd\u00fcr\u00fclebilir \u00fcretim ve geri d\u00f6n\u00fc\u015f\u00fcm uygulamalar\u0131n\u0131 benimsemekte ve bu alanlarda \u00f6nc\u00fc rol oynamaktad\u0131r. \u00c7evre dostu \u00fcretim s\u00fcre\u00e7leri ve geri d\u00f6n\u00fc\u015f\u00fcm uygulamalar\u0131yla, \u00d6zadil Plastik \u00e7evresel s\u00fcrd\u00fcr\u00fclebilirli\u011fi destekleyerek gelecek nesillere daha ya\u015fanabilir bir d\u00fcnya b\u0131rakmay\u0131 hedeflemektedir.<\/p>\n<\/div>\r\n        <div class=\"cms-heading-btns row gutters-30 gutters-grid empty-none pt-40 align-items-center justify-content-start\">    <\/div>\r\n<\/div>\t\t<\/div>\n\t\t\t\t<\/div>\n\t\t        <\/div>\r\n        <\/div>\r\n                <div class=\"elementor-column elementor-col-41 elementor-top-column elementor-element elementor-element-5cef0efd\" data-id=\"5cef0efd\" data-element_type=\"column\">\r\n        <div class=\"elementor-widget-wrap elementor-element-populated\">\r\n                        \t\t<div class=\"elementor-element elementor-element-57336ad2 cms-heading-layout-5 elementor-widget elementor-widget-cms_heading\" data-id=\"57336ad2\" data-element_type=\"widget\" data-widget_type=\"cms_heading.default\">\n\t\t\t\t<div class=\"elementor-widget-container\">\n\t\t\t\r\n<div class=\"cms-heading-wrapper text-start\">\r\n            <div class=\"cms-mainheading text-16 lh-24 font-700 text-accent\">Vizyonumuz<\/div>\r\n            <div class=\"cms-heading-desc text-16 lh-27 pt-20\"><p>\u015eirket, m\u00fc\u015fteri memnuniyeti ve kalite y\u00f6netimine verdi\u011fi b\u00fcy\u00fck \u00f6nemle sekt\u00f6rde tan\u0131nmaktad\u0131r. M\u00fc\u015fteri odakl\u0131 bir yakla\u015f\u0131m benimseyerek, s\u00fcrekli olarak m\u00fc\u015fteri beklentilerini a\u015fmay\u0131 hedeflemekte ve bu do\u011frultuda \u00fcr\u00fcn ve hizmet kalitesini s\u00fcrekli iyile\u015ftirmektedir.<\/p>\n<p>\u015eirketin vizyonu, plastik hammadde \u00fcr\u00fcnleri alan\u0131nda lider konuma gelmek ve m\u00fc\u015fterilerine en \u00fcst d\u00fczeyde kalite sunarak s\u00fcrd\u00fcr\u00fclebilir bir gelecek sa\u011flamakt\u0131r. Bu do\u011frultuda, Ar-Ge faaliyetlerine ve yenilik\u00e7i \u00e7\u00f6z\u00fcmlere b\u00fcy\u00fck yat\u0131r\u0131mlar yap\u0131lmakta ve \u00fcr\u00fcnlerin \u00fcretim s\u00fcre\u00e7leri s\u00fcrekli olarak g\u00f6zden ge\u00e7irilmektedir.<\/p>\n<p>Ayr\u0131ca, \u00e7evresel etkiyi minimize etmek ad\u0131na s\u00fcrd\u00fcr\u00fclebilir \u00fcretim y\u00f6ntemleri benimsenmekte ve geri d\u00f6n\u00fc\u015f\u00fcme \u00f6nem verilmektedir. Bu sayede, \u015firket hem m\u00fc\u015fterilerine y\u00fcksek kaliteli \u00fcr\u00fcnler sunmakta hem de \u00e7evresel s\u00fcrd\u00fcr\u00fclebilirli\u011fi desteklemektedir.<\/p>\n<\/div>\r\n        <div class=\"cms-heading-btns row gutters-30 gutters-grid empty-none pt-40 align-items-center justify-content-start\">    <\/div>\r\n<\/div>\t\t<\/div>\n\t\t\t\t<\/div>\n\t\t        <\/div>\r\n        <\/div>\r\n        \t\t        <\/div>\r\n        <\/section>\r\n\t\t\t\t\t\t\t<\/div>","protected":false},"excerpt":{"rendered":"<p>Misyonumuz \u00d6zadil Plastik, m\u00fc\u015fteri memnuniyeti odakl\u0131 bir yakla\u015f\u0131m benimseyerek, m\u00fc\u015fterilerinin ihtiya\u00e7lar\u0131n\u0131 kar\u015f\u0131lamak ve beklentilerini a\u015fmak i\u00e7in s\u00fcrekli olarak yenilik\u00e7i ve s\u00fcrd\u00fcr\u00fclebilir \u00e7\u00f6z\u00fcmler sunma misyonunu benimsemi\u015ftir. Bu do\u011frultuda, \u015firket \u00fcr\u00fcnlerinin kalitesi ve s\u00fcrd\u00fcr\u00fclebilirli\u011fi i\u00e7in titizlikle \u00e7al\u0131\u015fmalar\u0131n\u0131 s\u00fcrd\u00fcrmektedir. M\u00fc\u015fterilerin taleplerine h\u0131zl\u0131 ve etkili bir \u015fekilde cevap verebilmek i\u00e7in, \u00d6zadil Plastik s\u00fcrekli olarak AR-GE \u00e7al\u0131\u015fmalar\u0131 yapmakta ve \u00fcretim [&hellip;]<\/p>","protected":false},"author":1,"featured_media":0,"parent":0,"menu_order":5,"comment_status":"closed","ping_status":"closed","template":"","meta":{"footnotes":""},"class_list":["post-28","page","type-page","status-publish","hentry","cms-has-post-thumbnail"],"_links":{"self":[{"href":"https:\/\/ozadilplastik.com\/en\/wp-json\/wp\/v2\/pages\/28","targetHints":{"allow":["GET"]}}],"collection":[{"href":"https:\/\/ozadilplastik.com\/en\/wp-json\/wp\/v2\/pages"}],"about":[{"href":"https:\/\/ozadilplastik.com\/en\/wp-json\/wp\/v2\/types\/page"}],"author":[{"embeddable":true,"href":"https:\/\/ozadilplastik.com\/en\/wp-json\/wp\/v2\/users\/1"}],"replies":[{"embeddable":true,"href":"https:\/\/ozadilplastik.com\/en\/wp-json\/wp\/v2\/comments?post=28"}],"version-history":[{"count":5,"href":"https:\/\/ozadilplastik.com\/en\/wp-json\/wp\/v2\/pages\/28\/revisions"}],"predecessor-version":[{"id":5238,"href":"https:\/\/ozadilplastik.com\/en\/wp-json\/wp\/v2\/pages\/28\/revisions\/5238"}],"wp:attachment":[{"href":"https:\/\/ozadilplastik.com\/en\/wp-json\/wp\/v2\/media?parent=28"}],"curies":[{"name":"wp","href":"https:\/\/api.w.org\/{rel}","templated":true}]}}